{"id":31,"date":"2023-09-09T21:58:29","date_gmt":"2023-09-10T00:58:29","guid":{"rendered":"https:\/\/www.mikrotikacademy.com.br\/pg01\/?page_id=31"},"modified":"2023-09-09T22:57:03","modified_gmt":"2023-09-10T01:57:03","slug":"duvidas-frequentes","status":"publish","type":"page","link":"https:\/\/www.mikrotikacademy.com.br\/index.php\/duvidas-frequentes\/","title":{"rendered":"Duvidas Frequentes"},"content":{"rendered":"<p>[et_pb_section fb_built=&#8221;1&#8243; _builder_version=&#8221;4.14.4&#8243; _module_preset=&#8221;default&#8221; global_colors_info=&#8221;{}&#8221;][et_pb_row _builder_version=&#8221;4.14.4&#8243; _module_preset=&#8221;default&#8221; global_colors_info=&#8221;{}&#8221;][et_pb_column type=&#8221;4_4&#8243; _builder_version=&#8221;4.14.4&#8243; _module_preset=&#8221;default&#8221; global_colors_info=&#8221;{}&#8221;][et_pb_text _builder_version=&#8221;4.14.4&#8243; _module_preset=&#8221;default&#8221; inline_fonts=&#8221;Abel&#8221; global_colors_info=&#8221;{}&#8221;]<\/p>\n<h4><strong>Quais s\u00e3o os benef\u00edcios para as institui\u00e7\u00f5es de ensino participantes?<\/strong><\/h4>\n<p><span>Esta \u00e9 uma boa oportunidade para atrair mais estudantes, oferecendo certificados MikroTik que s\u00e3o reconhecidos por potenciais empregadores em todo o mundo.<\/span><\/p>\n<h5><strong>Como se tornar um instrutor da MikroTik Academy?<\/strong><\/h5>\n<p><span>Se voc\u00ea j\u00e1 \u00e9 professor em uma institui\u00e7\u00e3o educacional e passou com \u00eaxito (pontua\u00e7\u00e3o de pelo menos 75%) no teste de certifica\u00e7\u00e3o MTCNA e possui pelo menos uma das certifica\u00e7\u00f5es de n\u00edvel MikroTik Engineer (pontua\u00e7\u00e3o de pelo menos 75%), voc\u00ea pode se tornar um Instrutor da Academia MikroTik. Basta entrar em contato com o coordenador e solicitar o certificado de Instrutor da MikroTik Academy.<\/span><\/p>\n<h5><strong>Quem \u00e9 o coordenador nomeado pela MikroTik?<\/strong><\/h5>\n<p><span>Fl\u00e1vio Camacho \u00e9 um Instrutor Certificado MikroTik e Mestre em Engenharia de Telecomunica\u00e7\u00f5es pela Universidade Federal Fluminense, est\u00e1 listado na p\u00e1gina oficial da Mikrotik como <\/span><span>coordenador oficial do programa no Brasil. Ele coordenar\u00e1 a implementa\u00e7\u00e3o do programa MikroTik Academy no curr\u00edculo da institui\u00e7\u00e3o de ensino.<\/span><span><\/span><\/p>\n<h3><span style=\"font-family: inherit; font-weight: normal; font-size: medium;\"><strong>Qual \u00e9 a diferen\u00e7a entre um MikroTik Academy Trainer e um MikroTik Training Center?<\/strong><\/span><\/h3>\n<p><span>Os Instrutores da MikroTik Academy est\u00e3o autorizados a ensinar apenas alunos de institui\u00e7\u00f5es de ensino. Eles n\u00e3o podem realizar cursos regulares de treinamento MikroTik, a menos que preencham requisitos adicionais participando de um curso Train the Trainer<\/span><span> e tamb\u00e9m se tornem Instrutores Certificados MikroTik.<\/span><\/p>\n<h4><strong>O que \u00e9 uma aula da MikroTik Academy?<\/strong><\/h4>\n<p><span>Uma aula da MikroTik Academy \u00e9 um curso geral de rede de dados, um programa educacional espec\u00edfico da MikroTik que cobre o esbo\u00e7o da certifica\u00e7\u00e3o Mikrotik MTCNA<\/span><\/p>\n<h5><strong>Quem pode assistir \u00e0s aulas da MikroTik Academy?<\/strong><\/h5>\n<p><span>As aulas da MikroTik Academy s\u00e3o destinadas apenas a alunos de institui\u00e7\u00f5es de ensino interessados \u200b\u200bem aprender roteamento e gerenciamento de redes com e sem fio usando MikroTik RouterOS.<\/span><\/p>\n<h5><strong>Quem s\u00e3o os estudantes acad\u00eamicos?<\/strong><\/h5>\n<p><span>Alunos que se inscreveram em qualquer plano de estudos da institui\u00e7\u00e3o de ensino no momento da inscri\u00e7\u00e3o nas aulas da MikroTik Academy.<\/span><\/p>\n<h5><strong>Qual \u00e9 o papel do MikroTik?<\/strong><\/h5>\n<p><span>MikroTik fornece \u00e0 institui\u00e7\u00e3o educacional, um Coordenador nomeado pela MikroTik e aos Instrutores MikroTik Academy os materiais necess\u00e1rios, suporte e informa\u00e7\u00f5es sobre a organiza\u00e7\u00e3o das aulas da MikroTik Academy alem dos testes de certifica\u00e7\u00e3o.<\/span><\/p>\n<h5><strong>Quem emite certificados para Instrutores da MikroTik Academy?<\/strong><\/h5>\n<p><span>Os certificados MikroTik Academy Trainer s\u00e3o emitidos pela MikroTik mediante aprova\u00e7\u00e3o dos coordenadores com um processo online simplesl.<\/span><\/p>\n<h5><strong>Quem emite certificados aos alunos?<\/strong><\/h5>\n<p><span>MikroTik emite certificados para alunos que forem aprovados no teste de certifica\u00e7\u00e3o. As institui\u00e7\u00f5es educacionais tamb\u00e9m podem preparar seus pr\u00f3prios certificados impressos para os alunos (deve ser usado o mesmo n\u00famero de certificado do certificado MikroTik). O coordenador pode assin\u00e1-los se isso for acordado com a institui\u00e7\u00e3o de ensino.<\/span><\/p>\n<h4><strong>Como os distribuidores MikroTik podem estar envolvidos?<\/strong><\/h4>\n<p><span>Os distribuidores podem patrocinar equipamentos necess\u00e1rios para a aula (RouterBOARDs, etc.), divulgando assim sua empresa entre funcion\u00e1rios e alunos da Academia.\u00a0O Distribuidor e a Academia podem acordar diversas possibilidades de publicidade em troca do equipamento da aula.\u00a0Essa coopera\u00e7\u00e3o tamb\u00e9m pode ajudar os distribuidores a encontrar funcion\u00e1rios qualificados.<\/span><\/p>\n<h4><strong>Se tiver qualquer outra pergunta.<\/strong><\/h4>\n<p><span>Por favor envie um e-mail para\u00a0<\/span><a href=\"mailto:training@mikrotik.com\"><span>coordenador@mikrotikacademy.com.br<\/span><\/a><\/p>\n<p>[\/et_pb_text][\/et_pb_column][\/et_pb_row][\/et_pb_section]<\/p>\n","protected":false},"excerpt":{"rendered":"<p>Quais s\u00e3o os benef\u00edcios para as institui\u00e7\u00f5es de ensino participantes? Esta \u00e9 uma boa oportunidade para atrair mais estudantes, oferecendo certificados MikroTik que s\u00e3o reconhecidos por potenciais empregadores em todo o mundo. Como se tornar um instrutor da MikroTik Academy? Se voc\u00ea j\u00e1 \u00e9 professor em uma institui\u00e7\u00e3o educacional e passou com \u00eaxito (pontua\u00e7\u00e3o de [&hellip;]<\/p>\n","protected":false},"author":1,"featured_media":0,"parent":0,"menu_order":0,"comment_status":"closed","ping_status":"closed","template":"","meta":{"_et_pb_use_builder":"on","_et_pb_old_content":"","_et_gb_content_width":"","footnotes":""},"aioseo_notices":[],"_links":{"self":[{"href":"https:\/\/www.mikrotikacademy.com.br\/index.php\/wp-json\/wp\/v2\/pages\/31"}],"collection":[{"href":"https:\/\/www.mikrotikacademy.com.br\/index.php\/wp-json\/wp\/v2\/pages"}],"about":[{"href":"https:\/\/www.mikrotikacademy.com.br\/index.php\/wp-json\/wp\/v2\/types\/page"}],"author":[{"embeddable":true,"href":"https:\/\/www.mikrotikacademy.com.br\/index.php\/wp-json\/wp\/v2\/users\/1"}],"replies":[{"embeddable":true,"href":"https:\/\/www.mikrotikacademy.com.br\/index.php\/wp-json\/wp\/v2\/comments?post=31"}],"version-history":[{"count":6,"href":"https:\/\/www.mikrotikacademy.com.br\/index.php\/wp-json\/wp\/v2\/pages\/31\/revisions"}],"predecessor-version":[{"id":63,"href":"https:\/\/www.mikrotikacademy.com.br\/index.php\/wp-json\/wp\/v2\/pages\/31\/revisions\/63"}],"wp:attachment":[{"href":"https:\/\/www.mikrotikacademy.com.br\/index.php\/wp-json\/wp\/v2\/media?parent=31"}],"curies":[{"name":"wp","href":"https:\/\/api.w.org\/{rel}","templated":true}]}}