{"id":85,"date":"2024-01-18T07:56:38","date_gmt":"2024-01-18T10:56:38","guid":{"rendered":"https:\/\/www.mikrotikacademy.com.br\/pg01\/?page_id=85"},"modified":"2024-01-18T19:11:41","modified_gmt":"2024-01-18T22:11:41","slug":"coordenador","status":"publish","type":"page","link":"https:\/\/www.mikrotikacademy.com.br\/index.php\/coordenador\/","title":{"rendered":"Coordenador"},"content":{"rendered":"<p>[et_pb_section fb_built=&#8221;1&#8243; _builder_version=&#8221;4.14.4&#8243; _module_preset=&#8221;default&#8221; global_colors_info=&#8221;{}&#8221;][et_pb_row column_structure=&#8221;2_5,3_5&#8243; _builder_version=&#8221;4.14.4&#8243; _module_preset=&#8221;default&#8221; global_colors_info=&#8221;{}&#8221;][et_pb_column type=&#8221;2_5&#8243; _builder_version=&#8221;4.14.4&#8243; _module_preset=&#8221;default&#8221; global_colors_info=&#8221;{}&#8221;][et_pb_image src=&#8221;https:\/\/www.mikrotikacademy.com.br\/pg01\/wp-content\/uploads\/2024\/01\/Flavio_Camacho.png&#8221; title_text=&#8221;Flavio_Camacho&#8221; _builder_version=&#8221;4.14.4&#8243; _module_preset=&#8221;default&#8221; global_colors_info=&#8221;{}&#8221;][\/et_pb_image][\/et_pb_column][et_pb_column type=&#8221;3_5&#8243; _builder_version=&#8221;4.14.4&#8243; _module_preset=&#8221;default&#8221; global_colors_info=&#8221;{}&#8221;][et_pb_text _builder_version=&#8221;4.14.4&#8243; _module_preset=&#8221;default&#8221; text_font_size=&#8221;16px&#8221; global_colors_info=&#8221;{}&#8221;]<\/p>\n<h2>Coordenador<\/h2>\n<p>Eng. Fl\u00e1vio Gomes Figueira Camacho<\/p>\n<p>Engenheiro El\u00e9trico com \u00eanfase em Telecomunica\u00e7\u00f5es e Eng. de Seguran\u00e7a do Trabalho. Mestrado em Engenharia El\u00e9trica e de Telecomunica\u00e7\u00f5es pela Universidade Federal Fluminense. <span>MBA em Gest\u00e3o Estrat\u00e9gica de Projetos e Metodologias \u00c1geis.<\/span><\/p>\n<p><span>Trainner Oficial da Mikrotik desde 2015, trabalhando em Provedores de Acesso a Internet desde 2004, sendo respons\u00e1vel pela gest\u00e3o de v\u00e1rios sistemas aut\u00f4nomos (ASN). Foi palestrante nos Encontros de Usu\u00e1rios de Mikrotik (MUM) de 2009 at\u00e9 2019, tendo apresentado palestras no Brasil, Reino Unido e \u00c1ustria. Possui todas as Certifica\u00e7\u00f5es da Mikrotik e grande experiencia em BGP, MPLS, VPN, Firewall, OSPF, IPv6 e Wireless.<\/span><\/p>\n<p>[\/et_pb_text][\/et_pb_column][\/et_pb_row][\/et_pb_section]<\/p>\n","protected":false},"excerpt":{"rendered":"<p>Coordenador Eng. Fl\u00e1vio Gomes Figueira Camacho Engenheiro El\u00e9trico com \u00eanfase em Telecomunica\u00e7\u00f5es e Eng. de Seguran\u00e7a do Trabalho. Mestrado em Engenharia El\u00e9trica e de Telecomunica\u00e7\u00f5es pela Universidade Federal Fluminense. MBA em Gest\u00e3o Estrat\u00e9gica de Projetos e Metodologias \u00c1geis. Trainner Oficial da Mikrotik desde 2015, trabalhando em Provedores de Acesso a Internet desde 2004, sendo respons\u00e1vel [&hellip;]<\/p>\n","protected":false},"author":1,"featured_media":0,"parent":0,"menu_order":0,"comment_status":"closed","ping_status":"closed","template":"","meta":{"_et_pb_use_builder":"on","_et_pb_old_content":"","_et_gb_content_width":"","footnotes":""},"aioseo_notices":[],"_links":{"self":[{"href":"https:\/\/www.mikrotikacademy.com.br\/index.php\/wp-json\/wp\/v2\/pages\/85"}],"collection":[{"href":"https:\/\/www.mikrotikacademy.com.br\/index.php\/wp-json\/wp\/v2\/pages"}],"about":[{"href":"https:\/\/www.mikrotikacademy.com.br\/index.php\/wp-json\/wp\/v2\/types\/page"}],"author":[{"embeddable":true,"href":"https:\/\/www.mikrotikacademy.com.br\/index.php\/wp-json\/wp\/v2\/users\/1"}],"replies":[{"embeddable":true,"href":"https:\/\/www.mikrotikacademy.com.br\/index.php\/wp-json\/wp\/v2\/comments?post=85"}],"version-history":[{"count":5,"href":"https:\/\/www.mikrotikacademy.com.br\/index.php\/wp-json\/wp\/v2\/pages\/85\/revisions"}],"predecessor-version":[{"id":99,"href":"https:\/\/www.mikrotikacademy.com.br\/index.php\/wp-json\/wp\/v2\/pages\/85\/revisions\/99"}],"wp:attachment":[{"href":"https:\/\/www.mikrotikacademy.com.br\/index.php\/wp-json\/wp\/v2\/media?parent=85"}],"curies":[{"name":"wp","href":"https:\/\/api.w.org\/{rel}","templated":true}]}}